{"id":18,"date":"2018-12-02T01:52:21","date_gmt":"2018-12-01T22:52:21","guid":{"rendered":"http:\/\/associacaolarrenascer.org.br\/site\/?page_id=18"},"modified":"2025-09-16T22:16:30","modified_gmt":"2025-09-16T19:16:30","slug":"sobre","status":"publish","type":"page","link":"https:\/\/associacaolarrenascer.org.br\/site\/?page_id=18","title":{"rendered":"Nossos Trabalhos"},"content":{"rendered":"\t\t<div data-elementor-type=\"wp-page\" data-elementor-id=\"18\" class=\"elementor elementor-18\" data-elementor-post-type=\"page\">\n\t\t\t\t<div class=\"elementor-element elementor-element-446852ec e-flex e-con-boxed e-con e-parent\" data-id=\"446852ec\" data-element_type=\"container\" data-e-type=\"container\">\n\t\t\t\t\t<div class=\"e-con-inner\">\n\t\t\t\t<div class=\"elementor-element elementor-element-36c45f3e elementor-widget elementor-widget-text-editor\" data-id=\"36c45f3e\" data-element_type=\"widget\" data-e-type=\"widget\" data-widget_type=\"text-editor.default\">\n\t\t\t\t<div class=\"elementor-widget-container\">\n\t\t\t\t\t\t\t\t\t<p data-start=\"267\" data-end=\"593\">A Associa\u00e7\u00e3o Lar Renascer atua em parceria com as Secretarias Municipais, Promo\u00e7\u00e3o Social, Vara da Inf\u00e2ncia e Juventude, Conselho Tutelar e a comunidade de Artur Nogueira\u2013SP e Holambra\u2013SP, com o compromisso de acolher crian\u00e7as e adolescentes em situa\u00e7\u00e3o de risco, encaminhados pela Vara da Inf\u00e2ncia e Juventude ou pelo Conselho Tutelar.<\/p><p data-start=\"595\" data-end=\"834\">Desde o in\u00edcio de 2024, o Lar Renascer conta tamb\u00e9m com o apoio da Associa\u00e7\u00e3o <strong data-start=\"673\" data-end=\"702\">Brazilian Kids Kare (BKK)<\/strong>, fortalecendo suas a\u00e7\u00f5es por meio de suporte t\u00e9cnico, metodol\u00f3gico e institucional, ampliando ainda mais a capacidade de cuidado.<\/p><p data-start=\"836\" data-end=\"872\">Nosso trabalho tem como objetivos:<\/p><ul data-start=\"873\" data-end=\"1272\"><li data-start=\"873\" data-end=\"977\"><p data-start=\"875\" data-end=\"977\">Oferecer acolhimento seguro e protegido para crian\u00e7as e adolescentes em situa\u00e7\u00e3o de vulnerabilidade;<\/p><\/li><li data-start=\"978\" data-end=\"1054\"><p data-start=\"980\" data-end=\"1054\">Garantir o acesso a direitos fundamentais, como educa\u00e7\u00e3o, sa\u00fade e lazer;<\/p><\/li><li data-start=\"1055\" data-end=\"1144\"><p data-start=\"1057\" data-end=\"1144\">Proporcionar um ambiente que favore\u00e7a o desenvolvimento saud\u00e1vel, emocional e social;<\/p><\/li><li data-start=\"1145\" data-end=\"1272\"><p data-start=\"1147\" data-end=\"1272\">Trabalhar em parceria com a rede socioassistencial e o sistema de garantia de direitos para fortalecer a prote\u00e7\u00e3o integral.<\/p><\/li><\/ul><p data-start=\"1685\" data-end=\"1818\">Com amor, dedica\u00e7\u00e3o e f\u00e9, acreditamos que cada crian\u00e7a merece ser cuidada, valorizada e ter a chance de escrever uma nova hist\u00f3ria.<\/p>\t\t\t\t\t\t\t\t<\/div>\n\t\t\t\t<\/div>\n\t\t\t\t\t<\/div>\n\t\t\t\t<\/div>\n\t\t\t\t<\/div>\n\t\t","protected":false},"excerpt":{"rendered":"<p>A Associa\u00e7\u00e3o Lar Renascer atua em parceria com as Secretarias Municipais, Promo\u00e7\u00e3o Social, Vara da Inf\u00e2ncia e Juventude, Conselho Tutelar [&hellip;]<\/p>\n","protected":false},"author":2,"featured_media":48,"parent":0,"menu_order":0,"comment_status":"closed","ping_status":"closed","template":"","meta":{"site-sidebar-layout":"default","site-content-layout":"","ast-site-content-layout":"default","site-content-style":"default","site-sidebar-style":"default","ast-global-header-display":"","ast-banner-title-visibility":"","ast-main-header-display":"","ast-hfb-above-header-display":"","ast-hfb-below-header-display":"","ast-hfb-mobile-header-display":"","site-post-title":"","ast-breadcrumbs-content":"","ast-featured-img":"","footer-sml-layout":"","ast-disable-related-posts":"","theme-transparent-header-meta":"default","adv-header-id-meta":"","stick-header-meta":"","header-above-stick-meta":"","header-main-stick-meta":"","header-below-stick-meta":"","astra-migrate-meta-layouts":"set","ast-page-background-enabled":"default","ast-page-background-meta":{"desktop":{"background-color":"var(--ast-global-color-5)","background-image":"","background-repeat":"repeat","background-position":"center center","background-size":"auto","background-attachment":"scroll","background-type":"","background-media":"","overlay-type":"","overlay-color":"","overlay-opacity":"","overlay-gradient":""},"tablet":{"background-color":"","background-image":"","background-repeat":"repeat","background-position":"center center","background-size":"auto","background-attachment":"scroll","background-type":"","background-media":"","overlay-type":"","overlay-color":"","overlay-opacity":"","overlay-gradient":""},"mobile":{"background-color":"","background-image":"","background-repeat":"repeat","background-position":"center center","background-size":"auto","background-attachment":"scroll","background-type":"","background-media":"","overlay-type":"","overlay-color":"","overlay-opacity":"","overlay-gradient":""}},"ast-content-background-meta":{"desktop":{"background-color":"var(--ast-global-color-4)","background-image":"","background-repeat":"repeat","background-position":"center center","background-size":"auto","background-attachment":"scroll","background-type":"","background-media":"","overlay-type":"","overlay-color":"","overlay-opacity":"","overlay-gradient":""},"tablet":{"background-color":"var(--ast-global-color-4)","background-image":"","background-repeat":"repeat","background-position":"center center","background-size":"auto","background-attachment":"scroll","background-type":"","background-media":"","overlay-type":"","overlay-color":"","overlay-opacity":"","overlay-gradient":""},"mobile":{"background-color":"var(--ast-global-color-4)","background-image":"","background-repeat":"repeat","background-position":"center center","background-size":"auto","background-attachment":"scroll","background-type":"","background-media":"","overlay-type":"","overlay-color":"","overlay-opacity":"","overlay-gradient":""}},"footnotes":""},"class_list":["post-18","page","type-page","status-publish","has-post-thumbnail","hentry"],"_links":{"self":[{"href":"https:\/\/associacaolarrenascer.org.br\/site\/index.php?rest_route=\/wp\/v2\/pages\/18","targetHints":{"allow":["GET"]}}],"collection":[{"href":"https:\/\/associacaolarrenascer.org.br\/site\/index.php?rest_route=\/wp\/v2\/pages"}],"about":[{"href":"https:\/\/associacaolarrenascer.org.br\/site\/index.php?rest_route=\/wp\/v2\/types\/page"}],"author":[{"embeddable":true,"href":"https:\/\/associacaolarrenascer.org.br\/site\/index.php?rest_route=\/wp\/v2\/users\/2"}],"replies":[{"embeddable":true,"href":"https:\/\/associacaolarrenascer.org.br\/site\/index.php?rest_route=%2Fwp%2Fv2%2Fcomments&post=18"}],"version-history":[{"count":6,"href":"https:\/\/associacaolarrenascer.org.br\/site\/index.php?rest_route=\/wp\/v2\/pages\/18\/revisions"}],"predecessor-version":[{"id":646,"href":"https:\/\/associacaolarrenascer.org.br\/site\/index.php?rest_route=\/wp\/v2\/pages\/18\/revisions\/646"}],"wp:featuredmedia":[{"embeddable":true,"href":"https:\/\/associacaolarrenascer.org.br\/site\/index.php?rest_route=\/wp\/v2\/media\/48"}],"wp:attachment":[{"href":"https:\/\/associacaolarrenascer.org.br\/site\/index.php?rest_route=%2Fwp%2Fv2%2Fmedia&parent=18"}],"curies":[{"name":"wp","href":"https:\/\/api.w.org\/{rel}","templated":true}]}}